{"id":28,"date":"2020-12-18T13:27:51","date_gmt":"2020-12-18T12:27:51","guid":{"rendered":"https:\/\/blog.dooherceg.ba\/de\/?page_id=28"},"modified":"2020-12-18T13:50:31","modified_gmt":"2020-12-18T12:50:31","slug":"404-layout","status":"publish","type":"page","link":"https:\/\/blog.dooherceg.ba\/de\/404-layout\/","title":{"rendered":"404 Stranica nije prona\u0111ena"},"content":{"rendered":"<div data-vc-full-width=\"true\" data-vc-full-width-init=\"false\" data-vc-stretch-content=\"true\" class=\"vc_row wpb_row vc_row-fluid vc_custom_1608295751994 vc_row-has-fill vc_row-no-padding\"><div class=\"wpb_column vc_column_container vc_col-sm-12\"><div class=\"vc_column-inner\"><div class=\"wpb_wrapper\"><div class=\"es-resp\">\t<div class=\"visible-xl\" style=\"height: 32px;\"><\/div>\t<div class=\"hidden-xl hidden-md hidden-sm hidden-ms hidden-xs\" style=\"height: 32px;\"><\/div>\t<div class=\"visible-md\" style=\"height: 32px;\"><\/div>\t<div class=\"visible-sm \" style=\"height: 32px;\"><\/div>\t<div class=\"visible-ms\" style=\"height: 32px;\"><\/div>\t<div class=\"visible-xs\" style=\"height: 32px;\"><\/div><\/div>\n\t<div  class=\"wpb_single_image wpb_content_element vc_align_center\">\n\t\t\n\t\t<figure class=\"wpb_wrapper vc_figure\">\n\t\t\t<div class=\"vc_single_image-wrapper   vc_box_border_grey\"><img loading=\"lazy\" decoding=\"async\" width=\"535\" height=\"536\" src=\"https:\/\/blog.dooherceg.ba\/de\/wp-content\/uploads\/sites\/7\/2020\/12\/4041.png\" class=\"vc_single_image-img attachment-full\" alt=\"404\" srcset=\"https:\/\/blog.dooherceg.ba\/de\/wp-content\/uploads\/sites\/7\/2020\/12\/4041.png 535w, https:\/\/blog.dooherceg.ba\/de\/wp-content\/uploads\/sites\/7\/2020\/12\/4041-300x300.png 300w, https:\/\/blog.dooherceg.ba\/de\/wp-content\/uploads\/sites\/7\/2020\/12\/4041-150x150.png 150w, https:\/\/blog.dooherceg.ba\/de\/wp-content\/uploads\/sites\/7\/2020\/12\/4041-364x364.png 364w, https:\/\/blog.dooherceg.ba\/de\/wp-content\/uploads\/sites\/7\/2020\/12\/4041-50x50.png 50w, https:\/\/blog.dooherceg.ba\/de\/wp-content\/uploads\/sites\/7\/2020\/12\/4041-110x110.png 110w, https:\/\/blog.dooherceg.ba\/de\/wp-content\/uploads\/sites\/7\/2020\/12\/4041-275x275.png 275w, https:\/\/blog.dooherceg.ba\/de\/wp-content\/uploads\/sites\/7\/2020\/12\/4041-480x480.png 480w\" sizes=\"auto, (max-width: 535px) 100vw, 535px\" \/><\/div>\n\t\t<\/figure>\n\t<\/div>\n<div class=\"heading  heading-large header-subheader align-center color-black subcolor-second transform-default has-subheader theme-icon-second icon-type-hidden   vc_custom_1608295811456 heading-tag-h4\" id=\"like_sc_header_1208497518\"><h6 class=\"subheader ltx-sr-id-like_sc_header_12084975181318549372 ltx-sr ltx-sr-effect-fade_in ltx-sr-el-block ltx-sr-delay-100 ltx-sr-duration-300 ltx-sr-sequences-50\">404<\/h6><h4 class=\"header ltx-sr-id-like_sc_header_1208497518682424491 ltx-sr ltx-sr-effect-fade_in ltx-sr-el-block ltx-sr-delay-0 ltx-sr-duration-1000 ltx-sr-sequences-0\">Oops! Stranica nije prona\u0111ena<\/h4><\/div>\n\t<div class=\"wpb_text_column wpb_content_element \" >\n\t\t<div class=\"wpb_wrapper\">\n\t\t\t<p style=\"text-align: center;\">Stranica koju tra\u017eite premje\u0161tena je, uklonjena,<br \/>\npreimenovana ili mo\u017eda nikada nije postojala.<\/p>\n\n\t\t<\/div>\n\t<\/div>\n<div class=\"vc_empty_space\"   style=\"height: 16px\"><span class=\"vc_empty_space_inner\"><\/span><\/div><div class=\"btn-wrap align-center\"><a href=\"\/\"  class=\"btn  btn-xs btn-black color-hover-main align-center\" id=\"like_sc_button_354999038\">Nazad na po\u010detnu<\/a><\/div><div class=\"es-resp\">\t<div class=\"visible-xl\" style=\"height: 64px;\"><\/div>\t<div class=\"hidden-xl hidden-md hidden-sm hidden-ms hidden-xs\" style=\"height: 64px;\"><\/div>\t<div class=\"visible-md\" style=\"height: 64px;\"><\/div>\t<div class=\"visible-sm \" style=\"height: 64px;\"><\/div>\t<div class=\"visible-ms\" style=\"height: 64px;\"><\/div>\t<div class=\"visible-xs\" style=\"height: 64px;\"><\/div><\/div><\/div><\/div><\/div><\/div><div class=\"vc_row-full-width vc_clearfix\"><\/div>\n","protected":false},"excerpt":{"rendered":"404Oops! Stranica nije prona\u0111ena Stranica koju tra\u017eite premje\u0161tena je, uklonjena, preimenovana ili mo\u017eda nikada nije postojala. Nazad na po\u010detnu","protected":false},"author":1,"featured_media":0,"parent":0,"menu_order":0,"comment_status":"closed","ping_status":"closed","template":"page-templates\/404.php","meta":{"footnotes":""},"class_list":["post-28","page","type-page","status-publish","hentry"],"yoast_head":"<!-- This site is optimized with the Yoast SEO plugin v27.1.1 - https:\/\/yoast.com\/product\/yoast-seo-wordpress\/ -->\n<title>404 Stranica nije prona\u0111ena - Herceg d.o.o blog<\/title>\n<meta name=\"robots\" content=\"index, follow, max-snippet:-1, max-image-preview:large, max-video-preview:-1\" \/>\n<link rel=\"canonical\" href=\"https:\/\/blog.dooherceg.ba\/de\/404-layout\/\" \/>\n<meta property=\"og:locale\" content=\"de_DE\" \/>\n<meta property=\"og:type\" content=\"article\" \/>\n<meta property=\"og:title\" content=\"404 Stranica nije prona\u0111ena - Herceg d.o.o blog\" \/>\n<meta property=\"og:url\" content=\"https:\/\/blog.dooherceg.ba\/de\/404-layout\/\" \/>\n<meta property=\"og:site_name\" content=\"Herceg d.o.o blog\" \/>\n<meta property=\"article:publisher\" content=\"https:\/\/www.facebook.com\/dooherceg\" \/>\n<meta property=\"article:modified_time\" content=\"2020-12-18T12:50:31+00:00\" \/>\n<meta property=\"og:image\" content=\"https:\/\/blog.dooherceg.ba\/de\/wp-content\/uploads\/sites\/7\/2020\/12\/HERCEG-SARAJEVO-DNEVNE-SLIE-IZ-SAOBRACAJA-GT8-gb.jpg\" \/>\n\t<meta property=\"og:image:width\" content=\"1724\" \/>\n\t<meta property=\"og:image:height\" content=\"1105\" \/>\n\t<meta property=\"og:image:type\" content=\"image\/jpeg\" \/>\n<meta name=\"twitter:card\" content=\"summary_large_image\" \/>\n<meta name=\"twitter:label1\" content=\"Gesch\u00e4tzte Lesezeit\" \/>\n\t<meta name=\"twitter:data1\" content=\"1\u00a0Minute\" \/>\n<script type=\"application\/ld+json\" class=\"yoast-schema-graph\">{\"@context\":\"https:\/\/schema.org\",\"@graph\":[{\"@type\":\"WebPage\",\"@id\":\"https:\/\/blog.dooherceg.ba\/de\/404-layout\/\",\"url\":\"https:\/\/blog.dooherceg.ba\/de\/404-layout\/\",\"name\":\"404 Stranica nije prona\u0111ena - Herceg d.o.o blog\",\"isPartOf\":{\"@id\":\"https:\/\/blog.dooherceg.ba\/de\/#website\"},\"datePublished\":\"2020-12-18T12:27:51+00:00\",\"dateModified\":\"2020-12-18T12:50:31+00:00\",\"breadcrumb\":{\"@id\":\"https:\/\/blog.dooherceg.ba\/de\/404-layout\/#breadcrumb\"},\"inLanguage\":\"de\",\"potentialAction\":[{\"@type\":\"ReadAction\",\"target\":[\"https:\/\/blog.dooherceg.ba\/de\/404-layout\/\"]}]},{\"@type\":\"BreadcrumbList\",\"@id\":\"https:\/\/blog.dooherceg.ba\/de\/404-layout\/#breadcrumb\",\"itemListElement\":[{\"@type\":\"ListItem\",\"position\":1,\"name\":\"Home\",\"item\":\"https:\/\/blog.dooherceg.ba\/de\/\"},{\"@type\":\"ListItem\",\"position\":2,\"name\":\"404 Stranica nije prona\u0111ena\"}]},{\"@type\":\"WebSite\",\"@id\":\"https:\/\/blog.dooherceg.ba\/de\/#website\",\"url\":\"https:\/\/blog.dooherceg.ba\/de\/\",\"name\":\"Herceg d.o.o. blog\",\"description\":\"\",\"publisher\":{\"@id\":\"https:\/\/blog.dooherceg.ba\/de\/#organization\"},\"potentialAction\":[{\"@type\":\"SearchAction\",\"target\":{\"@type\":\"EntryPoint\",\"urlTemplate\":\"https:\/\/blog.dooherceg.ba\/de\/?s={search_term_string}\"},\"query-input\":{\"@type\":\"PropertyValueSpecification\",\"valueRequired\":true,\"valueName\":\"search_term_string\"}}],\"inLanguage\":\"de\"},{\"@type\":\"Organization\",\"@id\":\"https:\/\/blog.dooherceg.ba\/de\/#organization\",\"name\":\"Herceg d.o.o.\",\"url\":\"https:\/\/blog.dooherceg.ba\/de\/\",\"logo\":{\"@type\":\"ImageObject\",\"inLanguage\":\"de\",\"@id\":\"https:\/\/blog.dooherceg.ba\/de\/#\/schema\/logo\/image\/\",\"url\":\"https:\/\/blog.dooherceg.ba\/de\/wp-content\/uploads\/sites\/7\/2020\/12\/LOGO-HERCEG-transparent.png\",\"contentUrl\":\"https:\/\/blog.dooherceg.ba\/de\/wp-content\/uploads\/sites\/7\/2020\/12\/LOGO-HERCEG-transparent.png\",\"width\":1403,\"height\":971,\"caption\":\"Herceg d.o.o.\"},\"image\":{\"@id\":\"https:\/\/blog.dooherceg.ba\/de\/#\/schema\/logo\/image\/\"},\"sameAs\":[\"https:\/\/www.facebook.com\/dooherceg\",\"https:\/\/ba.linkedin.com\/company\/herceg-d-o-o-\",\"https:\/\/www.youtube.com\/channel\/UCHDln9nmssd__ol3YWafZHg\"]}]}<\/script>\n<!-- \/ Yoast SEO plugin. -->","yoast_head_json":{"title":"404 Stranica nije prona\u0111ena - Herceg d.o.o blog","robots":{"index":"index","follow":"follow","max-snippet":"max-snippet:-1","max-image-preview":"max-image-preview:large","max-video-preview":"max-video-preview:-1"},"canonical":"https:\/\/blog.dooherceg.ba\/de\/404-layout\/","og_locale":"de_DE","og_type":"article","og_title":"404 Stranica nije prona\u0111ena - Herceg d.o.o blog","og_url":"https:\/\/blog.dooherceg.ba\/de\/404-layout\/","og_site_name":"Herceg d.o.o blog","article_publisher":"https:\/\/www.facebook.com\/dooherceg","article_modified_time":"2020-12-18T12:50:31+00:00","og_image":[{"width":1724,"height":1105,"url":"https:\/\/blog.dooherceg.ba\/de\/wp-content\/uploads\/sites\/7\/2020\/12\/HERCEG-SARAJEVO-DNEVNE-SLIE-IZ-SAOBRACAJA-GT8-gb.jpg","type":"image\/jpeg"}],"twitter_card":"summary_large_image","twitter_misc":{"Gesch\u00e4tzte Lesezeit":"1\u00a0Minute"},"schema":{"@context":"https:\/\/schema.org","@graph":[{"@type":"WebPage","@id":"https:\/\/blog.dooherceg.ba\/de\/404-layout\/","url":"https:\/\/blog.dooherceg.ba\/de\/404-layout\/","name":"404 Stranica nije prona\u0111ena - Herceg d.o.o blog","isPartOf":{"@id":"https:\/\/blog.dooherceg.ba\/de\/#website"},"datePublished":"2020-12-18T12:27:51+00:00","dateModified":"2020-12-18T12:50:31+00:00","breadcrumb":{"@id":"https:\/\/blog.dooherceg.ba\/de\/404-layout\/#breadcrumb"},"inLanguage":"de","potentialAction":[{"@type":"ReadAction","target":["https:\/\/blog.dooherceg.ba\/de\/404-layout\/"]}]},{"@type":"BreadcrumbList","@id":"https:\/\/blog.dooherceg.ba\/de\/404-layout\/#breadcrumb","itemListElement":[{"@type":"ListItem","position":1,"name":"Home","item":"https:\/\/blog.dooherceg.ba\/de\/"},{"@type":"ListItem","position":2,"name":"404 Stranica nije prona\u0111ena"}]},{"@type":"WebSite","@id":"https:\/\/blog.dooherceg.ba\/de\/#website","url":"https:\/\/blog.dooherceg.ba\/de\/","name":"Herceg d.o.o. blog","description":"","publisher":{"@id":"https:\/\/blog.dooherceg.ba\/de\/#organization"},"potentialAction":[{"@type":"SearchAction","target":{"@type":"EntryPoint","urlTemplate":"https:\/\/blog.dooherceg.ba\/de\/?s={search_term_string}"},"query-input":{"@type":"PropertyValueSpecification","valueRequired":true,"valueName":"search_term_string"}}],"inLanguage":"de"},{"@type":"Organization","@id":"https:\/\/blog.dooherceg.ba\/de\/#organization","name":"Herceg d.o.o.","url":"https:\/\/blog.dooherceg.ba\/de\/","logo":{"@type":"ImageObject","inLanguage":"de","@id":"https:\/\/blog.dooherceg.ba\/de\/#\/schema\/logo\/image\/","url":"https:\/\/blog.dooherceg.ba\/de\/wp-content\/uploads\/sites\/7\/2020\/12\/LOGO-HERCEG-transparent.png","contentUrl":"https:\/\/blog.dooherceg.ba\/de\/wp-content\/uploads\/sites\/7\/2020\/12\/LOGO-HERCEG-transparent.png","width":1403,"height":971,"caption":"Herceg d.o.o."},"image":{"@id":"https:\/\/blog.dooherceg.ba\/de\/#\/schema\/logo\/image\/"},"sameAs":["https:\/\/www.facebook.com\/dooherceg","https:\/\/ba.linkedin.com\/company\/herceg-d-o-o-","https:\/\/www.youtube.com\/channel\/UCHDln9nmssd__ol3YWafZHg"]}]}},"_links":{"self":[{"href":"https:\/\/blog.dooherceg.ba\/de\/wp-json\/wp\/v2\/pages\/28","targetHints":{"allow":["GET"]}}],"collection":[{"href":"https:\/\/blog.dooherceg.ba\/de\/wp-json\/wp\/v2\/pages"}],"about":[{"href":"https:\/\/blog.dooherceg.ba\/de\/wp-json\/wp\/v2\/types\/page"}],"author":[{"embeddable":true,"href":"https:\/\/blog.dooherceg.ba\/de\/wp-json\/wp\/v2\/users\/1"}],"replies":[{"embeddable":true,"href":"https:\/\/blog.dooherceg.ba\/de\/wp-json\/wp\/v2\/comments?post=28"}],"version-history":[{"count":18,"href":"https:\/\/blog.dooherceg.ba\/de\/wp-json\/wp\/v2\/pages\/28\/revisions"}],"predecessor-version":[{"id":48,"href":"https:\/\/blog.dooherceg.ba\/de\/wp-json\/wp\/v2\/pages\/28\/revisions\/48"}],"wp:attachment":[{"href":"https:\/\/blog.dooherceg.ba\/de\/wp-json\/wp\/v2\/media?parent=28"}],"curies":[{"name":"wp","href":"https:\/\/api.w.org\/{rel}","templated":true}]}}